{"id":19237,"date":"2019-03-18T12:56:38","date_gmt":"2019-03-18T12:56:38","guid":{"rendered":"https:\/\/kounfagaminingservices.com\/?page_id=19237"},"modified":"2023-09-22T19:07:24","modified_gmt":"2023-09-22T18:07:24","slug":"services","status":"publish","type":"page","link":"https:\/\/kounfagaminingservices.com\/en\/services\/","title":{"rendered":"Services"},"content":{"rendered":"<section class=\"wpb-content-wrapper\"><div  data-delay=\"0\" class=\"vc_row wpb_row vc_row-fluid\"><div class=\"wpb_column vc_column_container vc_col-sm-12\" data-delay=\"0\"><div class=\"vc_column-inner\"><div class=\"wpb_wrapper\"><div class=\"vc_row wpb_row vc_inner vc_row-fluid\"><div class=\"rs_col-sm-6 wpb_column vc_column_container vc_col-sm-4 vc_col-lg-4 vc_col-md-6\"><div class=\"vc_column-inner\"><div class=\"wpb_wrapper\"><div class='dt-sc-image-caption type9  dt-sc-custom-img-caption' data-delay='0'><div class='dt-sc-image-wrapper'><img width=\"780\" height=\"1040\" src=\"https:\/\/kounfagaminingservices.com\/wp-content\/uploads\/2023\/05\/WhatsApp-Image-2023-05-03-at-15.49.10.jpeg\" class=\"attachment-full\" alt=\"\" decoding=\"async\" loading=\"lazy\" title=\"WhatsApp Image 2023-05-03 at 15.49.10\" srcset=\"https:\/\/kounfagaminingservices.com\/wp-content\/uploads\/2023\/05\/WhatsApp-Image-2023-05-03-at-15.49.10.jpeg 780w, https:\/\/kounfagaminingservices.com\/wp-content\/uploads\/2023\/05\/WhatsApp-Image-2023-05-03-at-15.49.10-225x300.jpeg 225w, https:\/\/kounfagaminingservices.com\/wp-content\/uploads\/2023\/05\/WhatsApp-Image-2023-05-03-at-15.49.10-768x1024.jpeg 768w, https:\/\/kounfagaminingservices.com\/wp-content\/uploads\/2023\/05\/WhatsApp-Image-2023-05-03-at-15.49.10-750x1000.jpeg 750w, https:\/\/kounfagaminingservices.com\/wp-content\/uploads\/2023\/05\/WhatsApp-Image-2023-05-03-at-15.49.10-540x720.jpeg 540w\" sizes=\"(max-width: 780px) 100vw, 780px\" \/><div class=\"dt-sc-image-overlay\" style=\"background:rgba(0, 0, 0, 0.8)\"><p><h3>Auger Drilling<\/h3>\n<p>In enim justo, rhoncus ut, imperdiet a, venenatis vitae, justo. Nullam dictum felis eu pede mollis pretium. Integer tincidunt.<\/p><\/div><div class='dt-sc-image-content'><div class='dt-sc-image-title'><h3><a href=\"http:\/\/themes-demo.com\/patrai\/services\/cnc-machine\" target=\"_self\" title=\"View Projects\">Auger Drilling<\/a><\/h3><\/div><\/div><\/div><\/div><div id=\"1554870917001-90697fb8-8e66\" class=\"dt-sc-empty-space\"><\/div><div class='dt-sc-image-caption type9  dt-sc-custom-img-caption' data-delay='0'><div class='dt-sc-image-wrapper'><img width=\"780\" height=\"1040\" src=\"https:\/\/kounfagaminingservices.com\/wp-content\/uploads\/2023\/05\/WhatsApp-Image-2023-05-03-at-17.56.39-2.jpeg\" class=\"attachment-full\" alt=\"\" decoding=\"async\" loading=\"lazy\" title=\"WhatsApp Image 2023-05-03 at 17.56.39 (2)\" srcset=\"https:\/\/kounfagaminingservices.com\/wp-content\/uploads\/2023\/05\/WhatsApp-Image-2023-05-03-at-17.56.39-2.jpeg 780w, https:\/\/kounfagaminingservices.com\/wp-content\/uploads\/2023\/05\/WhatsApp-Image-2023-05-03-at-17.56.39-2-225x300.jpeg 225w, https:\/\/kounfagaminingservices.com\/wp-content\/uploads\/2023\/05\/WhatsApp-Image-2023-05-03-at-17.56.39-2-768x1024.jpeg 768w, https:\/\/kounfagaminingservices.com\/wp-content\/uploads\/2023\/05\/WhatsApp-Image-2023-05-03-at-17.56.39-2-750x1000.jpeg 750w, https:\/\/kounfagaminingservices.com\/wp-content\/uploads\/2023\/05\/WhatsApp-Image-2023-05-03-at-17.56.39-2-540x720.jpeg 540w\" sizes=\"(max-width: 780px) 100vw, 780px\" \/><div class=\"dt-sc-image-overlay\" style=\"background:rgba(0, 0, 0, 0.8)\"><p><h3>Environmental impact study<\/h3>\n<p>&nbsp;<\/p><\/div><div class='dt-sc-image-content'><div class='dt-sc-image-title'><h3><a href=\"http:\/\/themes-demo.com\/patrai\/services\/programme-machine\/\" target=\"_self\" title=\"View Projects\">Environmental study<\/a><\/h3><\/div><\/div><\/div><\/div><div id=\"1554873919149-f11371c2-6f27\" class=\"dt-sc-empty-space\"><\/div><\/div><\/div><\/div><div class=\"rs_col-sm-6 wpb_column vc_column_container vc_col-sm-4 vc_col-lg-4 vc_col-md-6\"><div class=\"vc_column-inner\"><div class=\"wpb_wrapper\"><div class='dt-sc-image-caption type9  dt-sc-custom-img-caption' data-delay='0'><div class='dt-sc-image-wrapper'><img width=\"8256\" height=\"5504\" src=\"https:\/\/kounfagaminingservices.com\/wp-content\/uploads\/2023\/05\/young-african-american-man-workwear-hardhat-standing-excavator.jpg\" class=\"attachment-full\" alt=\"\" decoding=\"async\" loading=\"lazy\" title=\"Young African American man in workwear and hardhat standing in excavator\" srcset=\"https:\/\/kounfagaminingservices.com\/wp-content\/uploads\/2023\/05\/young-african-american-man-workwear-hardhat-standing-excavator.jpg 8256w, https:\/\/kounfagaminingservices.com\/wp-content\/uploads\/2023\/05\/young-african-american-man-workwear-hardhat-standing-excavator-300x200.jpg 300w, https:\/\/kounfagaminingservices.com\/wp-content\/uploads\/2023\/05\/young-african-american-man-workwear-hardhat-standing-excavator-1024x683.jpg 1024w, https:\/\/kounfagaminingservices.com\/wp-content\/uploads\/2023\/05\/young-african-american-man-workwear-hardhat-standing-excavator-768x512.jpg 768w, https:\/\/kounfagaminingservices.com\/wp-content\/uploads\/2023\/05\/young-african-american-man-workwear-hardhat-standing-excavator-1536x1024.jpg 1536w, https:\/\/kounfagaminingservices.com\/wp-content\/uploads\/2023\/05\/young-african-american-man-workwear-hardhat-standing-excavator-750x500.jpg 750w, https:\/\/kounfagaminingservices.com\/wp-content\/uploads\/2023\/05\/young-african-american-man-workwear-hardhat-standing-excavator-540x360.jpg 540w, https:\/\/kounfagaminingservices.com\/wp-content\/uploads\/2023\/05\/young-african-american-man-workwear-hardhat-standing-excavator-1000x667.jpg 1000w\" sizes=\"(max-width: 8256px) 100vw, 8256px\" \/><div class=\"dt-sc-image-overlay\" style=\"background:rgba(0, 0, 0, 0.8)\"><p><h3>Geoservices<\/h3>\n<p>Cartography, geochemistry, execution of wells and trenches, etc\u2026<\/p><\/div><div class='dt-sc-image-content'><div class='dt-sc-image-title'><h3><a href=\"http:\/\/themes-demo.com\/patrai\/services\/building-management\/\" target=\"_self\" title=\"View Projects\">Geoservices<\/a><\/h3><\/div><\/div><\/div><\/div><div id=\"1554870963284-c138b4a7-bf17\" class=\"dt-sc-empty-space\"><\/div><div class='dt-sc-image-caption type9  dt-sc-custom-img-caption' data-delay='0'><div class='dt-sc-image-wrapper'><img width=\"1600\" height=\"1131\" src=\"https:\/\/kounfagaminingservices.com\/wp-content\/uploads\/2019\/03\/WhatsApp-Image-2023-09-20-at-15.06.08-1.jpeg\" class=\"attachment-full\" alt=\"\" decoding=\"async\" loading=\"lazy\" title=\"WhatsApp Image 2023-09-20 at 15.06.08 (1)\" srcset=\"https:\/\/kounfagaminingservices.com\/wp-content\/uploads\/2019\/03\/WhatsApp-Image-2023-09-20-at-15.06.08-1.jpeg 1600w, https:\/\/kounfagaminingservices.com\/wp-content\/uploads\/2019\/03\/WhatsApp-Image-2023-09-20-at-15.06.08-1-300x212.jpeg 300w, https:\/\/kounfagaminingservices.com\/wp-content\/uploads\/2019\/03\/WhatsApp-Image-2023-09-20-at-15.06.08-1-1024x724.jpeg 1024w, https:\/\/kounfagaminingservices.com\/wp-content\/uploads\/2019\/03\/WhatsApp-Image-2023-09-20-at-15.06.08-1-768x543.jpeg 768w, https:\/\/kounfagaminingservices.com\/wp-content\/uploads\/2019\/03\/WhatsApp-Image-2023-09-20-at-15.06.08-1-1536x1086.jpeg 1536w, https:\/\/kounfagaminingservices.com\/wp-content\/uploads\/2019\/03\/WhatsApp-Image-2023-09-20-at-15.06.08-1-18x12.jpeg 18w, https:\/\/kounfagaminingservices.com\/wp-content\/uploads\/2019\/03\/WhatsApp-Image-2023-09-20-at-15.06.08-1-750x530.jpeg 750w, https:\/\/kounfagaminingservices.com\/wp-content\/uploads\/2019\/03\/WhatsApp-Image-2023-09-20-at-15.06.08-1-540x382.jpeg 540w, https:\/\/kounfagaminingservices.com\/wp-content\/uploads\/2019\/03\/WhatsApp-Image-2023-09-20-at-15.06.08-1-1000x707.jpeg 1000w\" sizes=\"(max-width: 1600px) 100vw, 1600px\" \/><div class=\"dt-sc-image-overlay\" style=\"background:rgba(0, 0, 0, 0.8)\"><p><h3>GIS \/ Design \/ Mapping \/ Drones<\/h3>\n<p>&nbsp;<\/p><\/div><div class='dt-sc-image-content'><div class='dt-sc-image-title'><h3><a href=\"http:\/\/themes-demo.com\/patrai\/services\/heavy-grinding\" target=\"_self\" title=\"View Projects\">GIS \/ Design \/ Drones<\/a><\/h3><\/div><\/div><\/div><\/div><div id=\"1554873924223-e921b4e4-7f6e\" class=\"dt-sc-empty-space\"><\/div><div class='dt-sc-image-caption type9  dt-sc-custom-img-caption' data-delay='0'><div class='dt-sc-image-wrapper'><img width=\"768\" height=\"1024\" src=\"https:\/\/kounfagaminingservices.com\/wp-content\/uploads\/2019\/03\/WhatsApp-Image-2023-09-20-at-13.33.36-e1695405997473.jpeg\" class=\"attachment-full\" alt=\"\" decoding=\"async\" loading=\"lazy\" title=\"WhatsApp Image 2023-09-20 at 13.33.36\" srcset=\"https:\/\/kounfagaminingservices.com\/wp-content\/uploads\/2019\/03\/WhatsApp-Image-2023-09-20-at-13.33.36-e1695405997473.jpeg 768w, https:\/\/kounfagaminingservices.com\/wp-content\/uploads\/2019\/03\/WhatsApp-Image-2023-09-20-at-13.33.36-e1695405997473-225x300.jpeg 225w, https:\/\/kounfagaminingservices.com\/wp-content\/uploads\/2019\/03\/WhatsApp-Image-2023-09-20-at-13.33.36-e1695405997473-9x12.jpeg 9w, https:\/\/kounfagaminingservices.com\/wp-content\/uploads\/2019\/03\/WhatsApp-Image-2023-09-20-at-13.33.36-e1695405997473-750x1000.jpeg 750w, https:\/\/kounfagaminingservices.com\/wp-content\/uploads\/2019\/03\/WhatsApp-Image-2023-09-20-at-13.33.36-e1695405997473-540x720.jpeg 540w\" sizes=\"(max-width: 768px) 100vw, 768px\" \/><div class=\"dt-sc-image-overlay\" style=\"background:rgba(0, 0, 0, 0.8)\"><p><h3>General trade and equipment<\/h3><\/p><\/div><div class='dt-sc-image-content'><div class='dt-sc-image-title'><h3><a href=\"http:\/\/themes-demo.com\/patrai\/services\/medic-equipment\/\" target=\"_self\" title=\"View Projects\">Commerce g\u00e9n\u00e9ral<\/a><\/h3><\/div><\/div><\/div><\/div><\/div><\/div><\/div><div class=\"rs_col-sm-6 wpb_column vc_column_container vc_col-sm-4 vc_col-lg-4 vc_col-md-6\"><div class=\"vc_column-inner\"><div class=\"wpb_wrapper\"><div id=\"1554872503076-11646b74-9229\" class=\"dt-sc-empty-space\"><\/div><div class='dt-sc-image-caption type9  dt-sc-custom-img-caption' data-delay='0'><div class='dt-sc-image-wrapper'><img width=\"230\" height=\"219\" src=\"https:\/\/kounfagaminingservices.com\/wp-content\/uploads\/2019\/03\/WhatsApp-Image-2023-09-22-at-17.53.15-1.jpeg\" class=\"attachment-full\" alt=\"\" decoding=\"async\" loading=\"lazy\" title=\"WhatsApp Image 2023-09-22 at 17.53.15 (1)\" srcset=\"https:\/\/kounfagaminingservices.com\/wp-content\/uploads\/2019\/03\/WhatsApp-Image-2023-09-22-at-17.53.15-1.jpeg 230w, https:\/\/kounfagaminingservices.com\/wp-content\/uploads\/2019\/03\/WhatsApp-Image-2023-09-22-at-17.53.15-1-13x12.jpeg 13w\" sizes=\"(max-width: 230px) 100vw, 230px\" \/><div class=\"dt-sc-image-overlay\" style=\"background:rgba(0, 0, 0, 0.8)\"><p><h3>Geophysics<\/h3>\n<p>&nbsp;<\/p><\/div><div class='dt-sc-image-content'><div class='dt-sc-image-title'><h3><a href=\"http:\/\/themes-demo.com\/patrai\/services\/high-power-drill\" target=\"_self\" title=\"View Projects\">Geophysics<\/a><\/h3><\/div><\/div><\/div><\/div><div id=\"1554870966576-1a1bb5d5-8c47\" class=\"dt-sc-empty-space\"><\/div><div class='dt-sc-image-caption type9  dt-sc-custom-img-caption' data-delay='0'><div class='dt-sc-image-wrapper'><img width=\"2560\" height=\"1707\" src=\"https:\/\/kounfagaminingservices.com\/wp-content\/uploads\/2023\/05\/businessmen-handshake-scaled.jpg\" class=\"attachment-full\" alt=\"\" decoding=\"async\" loading=\"lazy\" title=\"Cropped photo of handshake\" srcset=\"https:\/\/kounfagaminingservices.com\/wp-content\/uploads\/2023\/05\/businessmen-handshake-scaled.jpg 2560w, https:\/\/kounfagaminingservices.com\/wp-content\/uploads\/2023\/05\/businessmen-handshake-300x200.jpg 300w, https:\/\/kounfagaminingservices.com\/wp-content\/uploads\/2023\/05\/businessmen-handshake-1024x683.jpg 1024w, https:\/\/kounfagaminingservices.com\/wp-content\/uploads\/2023\/05\/businessmen-handshake-768x512.jpg 768w, https:\/\/kounfagaminingservices.com\/wp-content\/uploads\/2023\/05\/businessmen-handshake-1536x1024.jpg 1536w, https:\/\/kounfagaminingservices.com\/wp-content\/uploads\/2023\/05\/businessmen-handshake-2048x1365.jpg 2048w, https:\/\/kounfagaminingservices.com\/wp-content\/uploads\/2023\/05\/businessmen-handshake-750x500.jpg 750w, https:\/\/kounfagaminingservices.com\/wp-content\/uploads\/2023\/05\/businessmen-handshake-570x380.jpg 570w, https:\/\/kounfagaminingservices.com\/wp-content\/uploads\/2023\/05\/businessmen-handshake-600x400.jpg 600w, https:\/\/kounfagaminingservices.com\/wp-content\/uploads\/2023\/05\/businessmen-handshake-540x360.jpg 540w, https:\/\/kounfagaminingservices.com\/wp-content\/uploads\/2023\/05\/businessmen-handshake-1000x667.jpg 1000w\" sizes=\"(max-width: 2560px) 100vw, 2560px\" \/><div class=\"dt-sc-image-overlay\" style=\"background:rgba(0, 0, 0, 0.8)\"><p><h3>Service delivery<\/h3>\n<p>Provision of all geotechnical, topographical, commercial, administrative and legal assistance and advisory services<\/p><\/div><div class='dt-sc-image-content'><div class='dt-sc-image-title'><h3><a href=\"http:\/\/themes-demo.com\/patrai\/services\/industry-infrastructure\" target=\"_self\" title=\"View Projects\">Service delivery<\/a><\/h3><\/div><\/div><\/div><\/div><div id=\"1554873927997-aa9b9d09-969d\" class=\"dt-sc-empty-space\"><\/div><div class='dt-sc-image-caption type9  dt-sc-custom-img-caption' data-delay='0'><div class='dt-sc-image-wrapper'><img width=\"780\" height=\"1040\" src=\"https:\/\/kounfagaminingservices.com\/wp-content\/uploads\/2023\/05\/WhatsApp-Image-2023-05-03-at-17.56.39.jpeg\" class=\"attachment-full\" alt=\"\" decoding=\"async\" loading=\"lazy\" title=\"WhatsApp Image 2023-05-03 at 17.56.39\" srcset=\"https:\/\/kounfagaminingservices.com\/wp-content\/uploads\/2023\/05\/WhatsApp-Image-2023-05-03-at-17.56.39.jpeg 780w, https:\/\/kounfagaminingservices.com\/wp-content\/uploads\/2023\/05\/WhatsApp-Image-2023-05-03-at-17.56.39-225x300.jpeg 225w, https:\/\/kounfagaminingservices.com\/wp-content\/uploads\/2023\/05\/WhatsApp-Image-2023-05-03-at-17.56.39-768x1024.jpeg 768w, https:\/\/kounfagaminingservices.com\/wp-content\/uploads\/2023\/05\/WhatsApp-Image-2023-05-03-at-17.56.39-750x1000.jpeg 750w, https:\/\/kounfagaminingservices.com\/wp-content\/uploads\/2023\/05\/WhatsApp-Image-2023-05-03-at-17.56.39-540x720.jpeg 540w\" sizes=\"(max-width: 780px) 100vw, 780px\" \/><div class=\"dt-sc-image-overlay\" style=\"background:rgba(0, 0, 0, 0.8)\"><p><h3>Supervision of drilling programs (auger, RAB, RC, DD)<\/h3><\/p><\/div><div class='dt-sc-image-content'><div class='dt-sc-image-title'><h3><a href=\"http:\/\/themes-demo.com\/patrai\/services\/construction-tools\/\" target=\"_self\" title=\"View Projects\">Supervision of drilling<\/a><\/h3><\/div><\/div><\/div><\/div><\/div><\/div><\/div><\/div><\/div><\/div><\/div><\/div>\n<\/section>","protected":false},"excerpt":{"rendered":"Forage Tari\u00e8re (Auger Drilling) In enim justo, rhoncus ut, imperdiet a, venenatis vitae, justo. Nullam dictum felis eu pede mollis pretium. Integer tincidunt.Forage Tari\u00e8re (Auger Drilling)Etude d\u2019impact environnementale &nbsp;Etude environnementaleG\u00e9o services Cartographie, g\u00e9ochimie, ex\u00e9cution de puits et tranch\u00e9es, etc\u2026G\u00e9o servicesSIG \/ Conception \/ Cartographie \/Drones &nbsp;SIG \/ Conception \/ DronesCommerce g\u00e9n\u00e9ral et \u00e9quipementsCommerce g\u00e9n\u00e9ralG\u00e9ophysique &nbsp;G\u00e9ophysiquePrestation [...]","protected":false},"author":1,"featured_media":0,"parent":0,"menu_order":0,"comment_status":"closed","ping_status":"closed","template":"","meta":[],"yoast_head":"<!-- This site is optimized with the Yoast SEO plugin v19.7.1 - https:\/\/yoast.com\/wordpress\/plugins\/seo\/ -->\n<title>Services - Mon site Web<\/title>\n<meta name=\"robots\" content=\"index, follow, max-snippet:-1, max-image-preview:large, max-video-preview:-1\" \/>\n<link rel=\"canonical\" href=\"https:\/\/kounfagaminingservices.com\/en\/services\/\" \/>\n<meta property=\"og:locale\" content=\"en_US\" \/>\n<meta property=\"og:type\" content=\"article\" \/>\n<meta property=\"og:title\" content=\"Services - Mon site Web\" \/>\n<meta property=\"og:url\" content=\"https:\/\/kounfagaminingservices.com\/en\/services\/\" \/>\n<meta property=\"og:site_name\" content=\"Mon site Web\" \/>\n<meta property=\"article:modified_time\" content=\"2023-09-22T18:07:24+00:00\" \/>\n<meta name=\"twitter:card\" content=\"summary_large_image\" \/>\n<meta name=\"twitter:label1\" content=\"Est. reading time\" \/>\n\t<meta name=\"twitter:data1\" content=\"3 minutes\" \/>\n<script type=\"application\/ld+json\" class=\"yoast-schema-graph\">{\"@context\":\"https:\/\/schema.org\",\"@graph\":[{\"@type\":\"WebPage\",\"@id\":\"https:\/\/kounfagaminingservices.com\/services\/\",\"url\":\"https:\/\/kounfagaminingservices.com\/services\/\",\"name\":\"Services - Mon site Web\",\"isPartOf\":{\"@id\":\"https:\/\/kounfagaminingservices.com\/#website\"},\"datePublished\":\"2019-03-18T12:56:38+00:00\",\"dateModified\":\"2023-09-22T18:07:24+00:00\",\"breadcrumb\":{\"@id\":\"https:\/\/kounfagaminingservices.com\/services\/#breadcrumb\"},\"inLanguage\":\"en-US\",\"potentialAction\":[{\"@type\":\"ReadAction\",\"target\":[\"https:\/\/kounfagaminingservices.com\/services\/\"]}]},{\"@type\":\"BreadcrumbList\",\"@id\":\"https:\/\/kounfagaminingservices.com\/services\/#breadcrumb\",\"itemListElement\":[{\"@type\":\"ListItem\",\"position\":1,\"name\":\"Accueil\",\"item\":\"https:\/\/kounfagaminingservices.com\/\"},{\"@type\":\"ListItem\",\"position\":2,\"name\":\"Services\"}]},{\"@type\":\"WebSite\",\"@id\":\"https:\/\/kounfagaminingservices.com\/#website\",\"url\":\"https:\/\/kounfagaminingservices.com\/\",\"name\":\"Mon site Web\",\"description\":\"\",\"potentialAction\":[{\"@type\":\"SearchAction\",\"target\":{\"@type\":\"EntryPoint\",\"urlTemplate\":\"https:\/\/kounfagaminingservices.com\/?s={search_term_string}\"},\"query-input\":\"required name=search_term_string\"}],\"inLanguage\":\"en-US\"}]}<\/script>\n<!-- \/ Yoast SEO plugin. -->","yoast_head_json":{"title":"Services - Mon site Web","robots":{"index":"index","follow":"follow","max-snippet":"max-snippet:-1","max-image-preview":"max-image-preview:large","max-video-preview":"max-video-preview:-1"},"canonical":"https:\/\/kounfagaminingservices.com\/en\/services\/","og_locale":"en_US","og_type":"article","og_title":"Services - Mon site Web","og_url":"https:\/\/kounfagaminingservices.com\/en\/services\/","og_site_name":"Mon site Web","article_modified_time":"2023-09-22T18:07:24+00:00","twitter_card":"summary_large_image","twitter_misc":{"Est. reading time":"3 minutes"},"schema":{"@context":"https:\/\/schema.org","@graph":[{"@type":"WebPage","@id":"https:\/\/kounfagaminingservices.com\/services\/","url":"https:\/\/kounfagaminingservices.com\/services\/","name":"Services - Mon site Web","isPartOf":{"@id":"https:\/\/kounfagaminingservices.com\/#website"},"datePublished":"2019-03-18T12:56:38+00:00","dateModified":"2023-09-22T18:07:24+00:00","breadcrumb":{"@id":"https:\/\/kounfagaminingservices.com\/services\/#breadcrumb"},"inLanguage":"en-US","potentialAction":[{"@type":"ReadAction","target":["https:\/\/kounfagaminingservices.com\/services\/"]}]},{"@type":"BreadcrumbList","@id":"https:\/\/kounfagaminingservices.com\/services\/#breadcrumb","itemListElement":[{"@type":"ListItem","position":1,"name":"Accueil","item":"https:\/\/kounfagaminingservices.com\/"},{"@type":"ListItem","position":2,"name":"Services"}]},{"@type":"WebSite","@id":"https:\/\/kounfagaminingservices.com\/#website","url":"https:\/\/kounfagaminingservices.com\/","name":"Mon site Web","description":"","potentialAction":[{"@type":"SearchAction","target":{"@type":"EntryPoint","urlTemplate":"https:\/\/kounfagaminingservices.com\/?s={search_term_string}"},"query-input":"required name=search_term_string"}],"inLanguage":"en-US"}]}},"_links":{"self":[{"href":"https:\/\/kounfagaminingservices.com\/en\/wp-json\/wp\/v2\/pages\/19237"}],"collection":[{"href":"https:\/\/kounfagaminingservices.com\/en\/wp-json\/wp\/v2\/pages"}],"about":[{"href":"https:\/\/kounfagaminingservices.com\/en\/wp-json\/wp\/v2\/types\/page"}],"author":[{"embeddable":true,"href":"https:\/\/kounfagaminingservices.com\/en\/wp-json\/wp\/v2\/users\/1"}],"replies":[{"embeddable":true,"href":"https:\/\/kounfagaminingservices.com\/en\/wp-json\/wp\/v2\/comments?post=19237"}],"version-history":[{"count":6,"href":"https:\/\/kounfagaminingservices.com\/en\/wp-json\/wp\/v2\/pages\/19237\/revisions"}],"predecessor-version":[{"id":20945,"href":"https:\/\/kounfagaminingservices.com\/en\/wp-json\/wp\/v2\/pages\/19237\/revisions\/20945"}],"wp:attachment":[{"href":"https:\/\/kounfagaminingservices.com\/en\/wp-json\/wp\/v2\/media?parent=19237"}],"curies":[{"name":"wp","href":"https:\/\/api.w.org\/{rel}","templated":true}]}}