{"id":19358,"date":"2019-03-22T10:10:25","date_gmt":"2019-03-22T09:10:25","guid":{"rendered":"https:\/\/kounfagaminingservices.com\/?page_id=19358"},"modified":"2023-09-22T19:30:27","modified_gmt":"2023-09-22T18:30:27","slug":"history","status":"publish","type":"page","link":"https:\/\/kounfagaminingservices.com\/en\/history\/","title":{"rendered":"About our company"},"content":{"rendered":"<section class=\"wpb-content-wrapper\"><div  data-delay=\"0\" class=\"vc_row wpb_row vc_row-fluid vc_custom_1557289371774 vc_row-has-fill\"><div class=\"rs_col-sm-12 wpb_column vc_column_container vc_col-sm-6 vc_col-lg-6 vc_col-md-12\" data-delay=\"0\"><div class=\"vc_column-inner vc_custom_1557289435697\"><div class=\"wpb_wrapper\"><div class='dt-sc-title with-dual-color' data-delay='0'><h2 class='dt-sc-main-heading'>Get the <strong>best mining<\/strong> service<\/h2><\/div><div id=\"1553257408772-57ffe9d2-f64b\" class=\"dt-sc-empty-space\"><\/div>\n\t<div class=\"wpb_text_column wpb_content_element\" >\n\t\t<div class=\"wpb_wrapper\">\n\t\t\t<p>We have a network of international and national experts capable of supporting you in a professional and honest manner, throughout the development of your mining project.<\/p>\n\n\t\t<\/div>\n\t<\/div>\n\n\t<div class=\"wpb_text_column wpb_content_element\" >\n\t\t<div class=\"wpb_wrapper\">\n\t\t\t<p style=\"font-weight: 400;\">The KMS Company is made up of a team of Geoscience experts with many years of experience in the field of exploration, and mining, as well as environmental assessment. KMS has a network of international experts.<\/p>\n\n\t\t<\/div>\n\t<\/div>\n<div class='dt-sc-icon-box type5' data-delay='0' ><div class=\"icon-wrapper\"><span class='fas fa-leaf'> <\/span><\/div><div class=\"icon-content\"><h4>Our slogan<\/h4><p><p style=\"font-weight: 400;\"><em>Safety, Quality and Production!<\/em><\/p><\/p><\/div><\/div><\/div><\/div><\/div><div class=\"dt-sc-custom-collage-section rs_col-sm-12 wpb_column vc_column_container vc_col-sm-6 vc_col-lg-6 vc_col-md-12\" data-delay=\"0\"><div class=\"vc_column-inner vc_custom_1554702427180\"><div class=\"wpb_wrapper\"><div id=\"1554701014134-2ea82646-524c\" class=\"dt-sc-empty-space\"><\/div><div class=\"vc_row wpb_row vc_inner vc_row-fluid\"><div class=\"custom-collage-img1 wpb_column vc_column_container vc_col-sm-6\"><div class=\"vc_column-inner\"><div class=\"wpb_wrapper\"><img width=\"768\" height=\"1024\" src=\"https:\/\/kounfagaminingservices.com\/wp-content\/uploads\/2019\/03\/WhatsApp-Image-2023-08-27-at-10.16.26.jpeg\" class=\"alignnone attachment-full\" alt=\"filler-combined-img-1\" decoding=\"async\" loading=\"lazy\" title=\"WhatsApp-Image-2023-08-27-at-10.16.26\" srcset=\"https:\/\/kounfagaminingservices.com\/wp-content\/uploads\/2019\/03\/WhatsApp-Image-2023-08-27-at-10.16.26.jpeg 768w, https:\/\/kounfagaminingservices.com\/wp-content\/uploads\/2019\/03\/WhatsApp-Image-2023-08-27-at-10.16.26-225x300.jpeg 225w, https:\/\/kounfagaminingservices.com\/wp-content\/uploads\/2019\/03\/WhatsApp-Image-2023-08-27-at-10.16.26-9x12.jpeg 9w, https:\/\/kounfagaminingservices.com\/wp-content\/uploads\/2019\/03\/WhatsApp-Image-2023-08-27-at-10.16.26-750x1000.jpeg 750w, https:\/\/kounfagaminingservices.com\/wp-content\/uploads\/2019\/03\/WhatsApp-Image-2023-08-27-at-10.16.26-540x720.jpeg 540w\" sizes=\"(max-width: 768px) 100vw, 768px\" \/><\/div><\/div><\/div><div class=\"custom-collage-img2 wpb_column vc_column_container vc_col-sm-6\"><div class=\"vc_column-inner\"><div class=\"wpb_wrapper\"><img width=\"768\" height=\"1024\" src=\"https:\/\/kounfagaminingservices.com\/wp-content\/uploads\/2019\/03\/WhatsApp-Image-2023-08-27-at-10.16.26-1.jpeg\" class=\"alignnone attachment-full\" alt=\"filler-combined-img-2\" decoding=\"async\" loading=\"lazy\" title=\"WhatsApp-Image-2023-08-27-at-10.16.26-1\" srcset=\"https:\/\/kounfagaminingservices.com\/wp-content\/uploads\/2019\/03\/WhatsApp-Image-2023-08-27-at-10.16.26-1.jpeg 768w, https:\/\/kounfagaminingservices.com\/wp-content\/uploads\/2019\/03\/WhatsApp-Image-2023-08-27-at-10.16.26-1-225x300.jpeg 225w, https:\/\/kounfagaminingservices.com\/wp-content\/uploads\/2019\/03\/WhatsApp-Image-2023-08-27-at-10.16.26-1-9x12.jpeg 9w, https:\/\/kounfagaminingservices.com\/wp-content\/uploads\/2019\/03\/WhatsApp-Image-2023-08-27-at-10.16.26-1-750x1000.jpeg 750w, https:\/\/kounfagaminingservices.com\/wp-content\/uploads\/2019\/03\/WhatsApp-Image-2023-08-27-at-10.16.26-1-540x720.jpeg 540w\" sizes=\"(max-width: 768px) 100vw, 768px\" \/><\/div><\/div><\/div><\/div><div class=\"vc_row wpb_row vc_inner vc_row-fluid\"><div class=\"dt-sc-dark-bg dt-skin-primary-bg wpb_column vc_column_container vc_col-sm-6\"><div class=\"vc_column-inner\"><div class=\"wpb_wrapper\">\n\t<div class=\"wpb_text_column wpb_content_element  dt-sc-custom-collage-text\" >\n\t\t<div class=\"wpb_wrapper\">\n\t\t\t<p><b>Pr\u00e9senta<\/b><\/p>\n<p><b>tion<\/b><\/p>\n\n\t\t<\/div>\n\t<\/div>\n<\/div><\/div><\/div><div class=\"custom-collage-img3 wpb_column vc_column_container vc_col-sm-6\"><div class=\"vc_column-inner\"><div class=\"wpb_wrapper\"><img width=\"1024\" height=\"768\" src=\"https:\/\/kounfagaminingservices.com\/wp-content\/uploads\/2019\/03\/WhatsApp-Image-2023-08-27-at-10.16.25.jpeg\" class=\"alignnone attachment-full\" alt=\"filler-combined-img-3\" decoding=\"async\" loading=\"lazy\" title=\"WhatsApp-Image-2023-08-27-at-10.16.25\" srcset=\"https:\/\/kounfagaminingservices.com\/wp-content\/uploads\/2019\/03\/WhatsApp-Image-2023-08-27-at-10.16.25.jpeg 1024w, https:\/\/kounfagaminingservices.com\/wp-content\/uploads\/2019\/03\/WhatsApp-Image-2023-08-27-at-10.16.25-300x225.jpeg 300w, https:\/\/kounfagaminingservices.com\/wp-content\/uploads\/2019\/03\/WhatsApp-Image-2023-08-27-at-10.16.25-768x576.jpeg 768w, https:\/\/kounfagaminingservices.com\/wp-content\/uploads\/2019\/03\/WhatsApp-Image-2023-08-27-at-10.16.25-16x12.jpeg 16w, https:\/\/kounfagaminingservices.com\/wp-content\/uploads\/2019\/03\/WhatsApp-Image-2023-08-27-at-10.16.25-750x563.jpeg 750w, https:\/\/kounfagaminingservices.com\/wp-content\/uploads\/2019\/03\/WhatsApp-Image-2023-08-27-at-10.16.25-540x405.jpeg 540w, https:\/\/kounfagaminingservices.com\/wp-content\/uploads\/2019\/03\/WhatsApp-Image-2023-08-27-at-10.16.25-1000x750.jpeg 1000w\" sizes=\"(max-width: 1024px) 100vw, 1024px\" \/><\/div><\/div><\/div><\/div><\/div><\/div><\/div><\/div><div  data-delay=\"0\" class=\"vc_row wpb_row vc_row-fluid\"><div class=\"wpb_column vc_column_container vc_col-sm-12\" data-delay=\"0\"><div class=\"vc_column-inner\"><div class=\"wpb_wrapper\"><div id=\"1553256537882-50789ba8-feb9\" class=\"dt-sc-empty-space\"><\/div><\/div><\/div><\/div><\/div><div  data-delay=\"0\" data-vc-full-width=\"true\" data-vc-full-width-init=\"false\" data-vc-stretch-content=\"true\" class=\"vc_row wpb_row vc_row-fluid vc_row-o-equal-height vc_row-o-content-middle vc_row-flex\"><div class=\"rs_col-sm-12 wpb_column vc_column_container vc_col-sm-6 vc_col-lg-6 vc_col-md-12 vc_col-has-fill\" data-delay=\"0\"><div class=\"vc_column-inner vc_custom_1685298328757\" style=\" text-align:center; \"><div class=\"wpb_wrapper\"><div class=\"vc_row wpb_row vc_inner vc_row-fluid dt-skin-secondary-bg-opaque-8 vc_custom_1553492881105 vc_row-has-fill\"><div class=\"dt-sc-dark-bg wpb_column vc_column_container vc_col-sm-12\"  style=\" text-align:center; \"><div class=\"vc_column-inner\"><div class=\"wpb_wrapper\"><div id=\"1553493315312-9323b148-ba8e\" class=\"dt-sc-empty-space\"><\/div><div class='dt-sc-counter type1   dt-skin-primary-color' data-delay='0'><div class='dt-sc-counter-icon-holder'><div class='dt-sc-counter-number' data-value='15' data-append='+'>15<\/div><\/div><\/div><div id=\"1553493896888-5a2ff06d-e144\" class=\"dt-sc-empty-space\"><\/div><h6 class=\"dt-sc-main-heading dt-sc-custom-simple-title\" data-delay='0'>Successfully completed projects<\/h6><div id=\"1553493958584-51cc01e3-9308\" class=\"dt-sc-empty-space\"><\/div><a href='https:\/\/kounfagaminingservices.com\/en\/contact\/' target='_self' title='' class='dt-sc-button   large icon-right with-icon  filled' data-delay='0' > Contact Us <\/a><div id=\"1553493302152-aa97157d-ad31\" class=\"dt-sc-empty-space\"><\/div><\/div><\/div><\/div><\/div><\/div><\/div><\/div><div class=\"rs_col-sm-12 wpb_column vc_column_container vc_col-sm-6 vc_col-lg-6 vc_col-md-12 vc_col-has-fill\" data-delay=\"0\"><div class=\"vc_column-inner vc_custom_1685298462077\" style=\" text-align:center; \"><div class=\"wpb_wrapper\"><div class=\"vc_row wpb_row vc_inner vc_row-fluid dt-skin-primary-bg-opaque-8\"><div class=\"dt-sc-dark-bg wpb_column vc_column_container vc_col-sm-12\"  style=\" text-align:center; \"><div class=\"vc_column-inner\"><div class=\"wpb_wrapper\"><div id=\"1553493323300-182ca4ef-a5bc\" class=\"dt-sc-empty-space\"><\/div><div class='dt-sc-counter type1   dt-skin-secondary-color' data-delay='0'><div class='dt-sc-counter-icon-holder'><div class='dt-sc-counter-number' data-value='20000' data-append='+'>20000<\/div><\/div><\/div><div id=\"1553493968098-344ea8c5-7554\" class=\"dt-sc-empty-space\"><\/div><h6 class=\"dt-sc-main-heading dt-sc-custom-simple-title\" data-delay='0'>Meters drilled for its main customers<\/h6><div id=\"1553493971688-d75dbf06-d07f\" class=\"dt-sc-empty-space\"><\/div><a href='https:\/\/kounfagaminingservices.com\/en\/history\/' target='_self' title='' class='dt-sc-button   large icon-right with-icon  filled  dt-skin-secondary-bg' data-delay='0' > More + <\/a><div id=\"1553493339619-840fdb61-ffd3\" class=\"dt-sc-empty-space\"><\/div><\/div><\/div><\/div><\/div><\/div><\/div><\/div><\/div><div class=\"vc_row-full-width vc_clearfix\"><\/div>\n<\/section>","protected":false},"excerpt":{"rendered":"Obtenez le meilleur service minier Nous disposons un r\u00e9seau d\u2019experts internationaux et nationaux capables\u00a0de vous accompagner de fa\u00e7on professionnelle et int\u00e8gre, \u00a0tout au long du d\u00e9veloppement de votre projet minier. La Soci\u00e9t\u00e9 KMS est constitu\u00e9e d\u2019une \u00e9quipe d'experts en G\u00e9osciences avec de nombreuses ann\u00e9es d\u2019exp\u00e9riences dans le domaine de l'exploration, et l'exploitation mini\u00e8re, ainsi que [...]","protected":false},"author":1,"featured_media":0,"parent":0,"menu_order":0,"comment_status":"closed","ping_status":"closed","template":"","meta":[],"yoast_head":"<!-- This site is optimized with the Yoast SEO plugin v19.7.1 - https:\/\/yoast.com\/wordpress\/plugins\/seo\/ -->\n<title>Pr\u00e9sentation - Mon site Web<\/title>\n<meta name=\"robots\" content=\"index, follow, max-snippet:-1, max-image-preview:large, max-video-preview:-1\" \/>\n<link rel=\"canonical\" href=\"https:\/\/kounfagaminingservices.com\/en\/history\/\" \/>\n<meta property=\"og:locale\" content=\"en_US\" \/>\n<meta property=\"og:type\" content=\"article\" \/>\n<meta property=\"og:title\" content=\"Pr\u00e9sentation - Mon site Web\" \/>\n<meta property=\"og:url\" content=\"https:\/\/kounfagaminingservices.com\/en\/history\/\" \/>\n<meta property=\"og:site_name\" content=\"Mon site Web\" \/>\n<meta property=\"article:modified_time\" content=\"2023-09-22T18:30:27+00:00\" \/>\n<meta name=\"twitter:card\" content=\"summary_large_image\" \/>\n<meta name=\"twitter:label1\" content=\"Est. reading time\" \/>\n\t<meta name=\"twitter:data1\" content=\"4 minutes\" \/>\n<script type=\"application\/ld+json\" class=\"yoast-schema-graph\">{\"@context\":\"https:\/\/schema.org\",\"@graph\":[{\"@type\":\"WebPage\",\"@id\":\"https:\/\/kounfagaminingservices.com\/history\/\",\"url\":\"https:\/\/kounfagaminingservices.com\/history\/\",\"name\":\"Pr\u00e9sentation - Mon site Web\",\"isPartOf\":{\"@id\":\"https:\/\/kounfagaminingservices.com\/#website\"},\"datePublished\":\"2019-03-22T09:10:25+00:00\",\"dateModified\":\"2023-09-22T18:30:27+00:00\",\"breadcrumb\":{\"@id\":\"https:\/\/kounfagaminingservices.com\/history\/#breadcrumb\"},\"inLanguage\":\"en-US\",\"potentialAction\":[{\"@type\":\"ReadAction\",\"target\":[\"https:\/\/kounfagaminingservices.com\/history\/\"]}]},{\"@type\":\"BreadcrumbList\",\"@id\":\"https:\/\/kounfagaminingservices.com\/history\/#breadcrumb\",\"itemListElement\":[{\"@type\":\"ListItem\",\"position\":1,\"name\":\"Accueil\",\"item\":\"https:\/\/kounfagaminingservices.com\/\"},{\"@type\":\"ListItem\",\"position\":2,\"name\":\"Pr\u00e9sentation\"}]},{\"@type\":\"WebSite\",\"@id\":\"https:\/\/kounfagaminingservices.com\/#website\",\"url\":\"https:\/\/kounfagaminingservices.com\/\",\"name\":\"Mon site Web\",\"description\":\"\",\"potentialAction\":[{\"@type\":\"SearchAction\",\"target\":{\"@type\":\"EntryPoint\",\"urlTemplate\":\"https:\/\/kounfagaminingservices.com\/?s={search_term_string}\"},\"query-input\":\"required name=search_term_string\"}],\"inLanguage\":\"en-US\"}]}<\/script>\n<!-- \/ Yoast SEO plugin. -->","yoast_head_json":{"title":"Pr\u00e9sentation - Mon site Web","robots":{"index":"index","follow":"follow","max-snippet":"max-snippet:-1","max-image-preview":"max-image-preview:large","max-video-preview":"max-video-preview:-1"},"canonical":"https:\/\/kounfagaminingservices.com\/en\/history\/","og_locale":"en_US","og_type":"article","og_title":"Pr\u00e9sentation - Mon site Web","og_url":"https:\/\/kounfagaminingservices.com\/en\/history\/","og_site_name":"Mon site Web","article_modified_time":"2023-09-22T18:30:27+00:00","twitter_card":"summary_large_image","twitter_misc":{"Est. reading time":"4 minutes"},"schema":{"@context":"https:\/\/schema.org","@graph":[{"@type":"WebPage","@id":"https:\/\/kounfagaminingservices.com\/history\/","url":"https:\/\/kounfagaminingservices.com\/history\/","name":"Pr\u00e9sentation - Mon site Web","isPartOf":{"@id":"https:\/\/kounfagaminingservices.com\/#website"},"datePublished":"2019-03-22T09:10:25+00:00","dateModified":"2023-09-22T18:30:27+00:00","breadcrumb":{"@id":"https:\/\/kounfagaminingservices.com\/history\/#breadcrumb"},"inLanguage":"en-US","potentialAction":[{"@type":"ReadAction","target":["https:\/\/kounfagaminingservices.com\/history\/"]}]},{"@type":"BreadcrumbList","@id":"https:\/\/kounfagaminingservices.com\/history\/#breadcrumb","itemListElement":[{"@type":"ListItem","position":1,"name":"Accueil","item":"https:\/\/kounfagaminingservices.com\/"},{"@type":"ListItem","position":2,"name":"Pr\u00e9sentation"}]},{"@type":"WebSite","@id":"https:\/\/kounfagaminingservices.com\/#website","url":"https:\/\/kounfagaminingservices.com\/","name":"Mon site Web","description":"","potentialAction":[{"@type":"SearchAction","target":{"@type":"EntryPoint","urlTemplate":"https:\/\/kounfagaminingservices.com\/?s={search_term_string}"},"query-input":"required name=search_term_string"}],"inLanguage":"en-US"}]}},"_links":{"self":[{"href":"https:\/\/kounfagaminingservices.com\/en\/wp-json\/wp\/v2\/pages\/19358"}],"collection":[{"href":"https:\/\/kounfagaminingservices.com\/en\/wp-json\/wp\/v2\/pages"}],"about":[{"href":"https:\/\/kounfagaminingservices.com\/en\/wp-json\/wp\/v2\/types\/page"}],"author":[{"embeddable":true,"href":"https:\/\/kounfagaminingservices.com\/en\/wp-json\/wp\/v2\/users\/1"}],"replies":[{"embeddable":true,"href":"https:\/\/kounfagaminingservices.com\/en\/wp-json\/wp\/v2\/comments?post=19358"}],"version-history":[{"count":9,"href":"https:\/\/kounfagaminingservices.com\/en\/wp-json\/wp\/v2\/pages\/19358\/revisions"}],"predecessor-version":[{"id":20948,"href":"https:\/\/kounfagaminingservices.com\/en\/wp-json\/wp\/v2\/pages\/19358\/revisions\/20948"}],"wp:attachment":[{"href":"https:\/\/kounfagaminingservices.com\/en\/wp-json\/wp\/v2\/media?parent=19358"}],"curies":[{"name":"wp","href":"https:\/\/api.w.org\/{rel}","templated":true}]}}